{"id":122,"date":"2015-07-29T18:46:31","date_gmt":"2015-07-29T18:46:31","guid":{"rendered":"http:\/\/www.aceyw-greeley.eu\/WordPress\/?page_id=122"},"modified":"2022-01-19T08:40:02","modified_gmt":"2022-01-19T08:40:02","slug":"news","status":"publish","type":"page","link":"http:\/\/www.aceyw-greeley.eu\/?page_id=122","title":{"rendered":"News"},"content":{"rendered":"<h3>Das Jahr 2022 hat begonnen &#8230;<\/h3>\n<p>Neujahr &#8230;<\/p>\n<p>frisch geboren<\/p>\n<p>erst im Werden<\/p>\n<p>entstehend aus ruhenden Sch\u00e4tzen<\/p>\n<p>Ver\u00e4nderung &#8230;<\/p>\n<p>A. C. Greeley arbeitet weiterhin an einigen Romanprojekten.<\/p>\n<p>Die letzten beiden Jahre haben zwangsl\u00e4ufig einiges brachgelegt.<\/p>\n<p>Auf ein Neues!<\/p>\n<p>Thriller, Liebesromane, Mystery &#8211; es gibt einiges zu tun.<\/p>\n<h3><strong>Einige Ver\u00f6ffentlichungen:<\/strong><\/h3>\n<p><strong>Anthologie: &#8218;Zwischen Bach und Baum&#8216; :<\/strong><\/p>\n<p><a href=\"https:\/\/www.amazon.de\/Zwischen-Bach-Baum-Sinje-Blumenstein\/dp\/3743113627\/ref=sr_1_1?ie=UTF8&amp;qid=1506880640&amp;sr=8-1&amp;keywords=Zwischen+Bach+und+Baum+Naturfantasien\">amazon.de<\/a><\/p>\n<p><a href=\"https:\/\/www.thalia.at\/suche?sq=Zwischen+Bach+und+Baum+Naturfantasien\">thalia.at<\/a><\/p>\n<p><a href=\"https:\/\/www.bod.de\/buchshop\/zwischen-bach-und-baum-markus-frost-9783743165281\">BoD<\/a><\/p>\n<p><strong>Misty Dew 3 &#8211; <em>Schattentraum<\/em><\/strong> <em><strong>ist\u00a0<\/strong><strong>in diesen Onlineshops bisher nur als eBook erh\u00e4ltlich:<\/strong><\/em><\/p>\n<p><a href=\"http:\/\/www.epubli.de\/shop\/buch\/MISTY-DEW-3-Agnete-C-Greeley-9783741839313\/54954\">epubli<\/a><\/p>\n<p><a href=\"http:\/\/www.thalia.at\/shop\/hoerbuecher\/suggestartikel\/ID46305532.html?sswg=EBOOK&amp;sq=Misty%20Dew%203\">Thalia<\/a><\/p>\n<p><a href=\"https:\/\/www.amazon.de\/MISTY-DEW-Schattentraum-Agnete-Greeley-ebook\/dp\/B01L84KXOO\/ref=sr_1_1?ie=UTF8&amp;qid=1472900358&amp;sr=8-1&amp;keywords=Misty+dew+3\">amazon<\/a><\/p>\n<p><a href=\"https:\/\/www.weltbild.at\/artikel\/ebook\/misty-dew-3_22002414-1\" target=\"_blank\" rel=\"noopener noreferrer\">Weltbild<\/a><\/p>\n<p><em>Weiterhin sind Teil 1 und Teil 2 in den Onlineshops jeweils als eBook, wie auch als Taschenbuch erh\u00e4ltlich.<\/em><\/p>\n<p><a href=\"http:\/\/www.epubli.de\/shop\/buch\/MISTY-DEW-1-Agnete-C-Greeley-Reija-Tuuli-Korpela-9783737515733\/41896\">Misty Dew 1 &#8211; Schattenfeuer Taschenbuch<\/a><\/p>\n<p><a href=\"http:\/\/www.epubli.de\/shop\/buch\/MISTY-DEW-2-Agnete-C-Greeley-Reija-Tuuli-Korpela-9783737576277\/48591\">Misty Dew 2 &#8211; Schattenwinter Taschenbuch<\/a><\/p>\n<p><em>Hier ein paar Links zu den eBooks:<\/em><\/p>\n<p><a href=\"http:\/\/www.epubli.de\/shop\/buch\/MISTY-DEW-1-Agnete-C-Greeley-Reija-Tuuli-Korpela-9783737513340\/40825\">Mistydew 1 &#8211; Schattenfeuer<\/a><\/p>\n<p><a href=\"http:\/\/www.thalia.at\/shop\/home\/suche\/?sq=Misty+Dew+Schattenfeuer&amp;sswg=ANY&amp;timestamp=1414325466378\">Thalia<\/a><\/p>\n<p><a href=\"https:\/\/www.amazon.de\/s\/ref=nb_sb_noss?__mk_de_DE=%C3%85M%C3%85%C5%BD%C3%95%C3%91&amp;url=search-alias%3Daps&amp;field-keywords=Misty+Dew+1+Schattenfeuer&amp;rh=i%3Aaps%2Ck%3AMisty+Dew+1+Schattenfeuer\">Amazon<\/a><\/p>\n<p><a href=\"http:\/\/www.epubli.de\/shop\/buch\/MISTY-DEW-2-Agnete-C-Greeley-Reija-Tuuli-Korpela-9783737566933\/47501\">Misty Dew 2 &#8211; Schattenwinter<\/a><\/p>\n<p><a href=\"http:\/\/www.epubli.de\/shop\/buch\/MISTY-DEW-2-Agnete-C-Greeley-Reija-Tuuli-Korpela-9783737566933\/47501\">epubli<\/a><\/p>\n<p><a href=\"https:\/\/www.weltbild.at\/artikel\/ebook\/misty-dew-2_20903604-1\">Weltbild<\/a><\/p>\n<p><a href=\"http:\/\/www.buecher.de\/shop\/horror--grusel\/misty-dew-2-ebook-epub\/greeley-agnete-c-\/products_products\/detail\/prod_id\/43815288\/\">B\u00fccher.de<\/a><\/p>\n<p><a href=\"https:\/\/www.amazon.de\/s\/ref=nb_sb_noss?__mk_de_DE=%C3%85M%C3%85%C5%BD%C3%95%C3%91&amp;url=search-alias%3Daps&amp;field-keywords=Misty+Dew+2+Schattenwinter\">Amazon<\/a><\/p>\n<p><a href=\"http:\/\/www.thalia.at\/shop\/home\/suchartikel\/misty_dew_2\/agnete_c_greeley\/EAN9783737566933\/ID43883797.html?suchId=8822b456-ea0a-4b7e-85d3-0f3ad129aca1&amp;jumpId=18980014\">Thalia<\/a><\/p>\n","protected":false},"excerpt":{"rendered":"<p>Das Jahr 2022 hat begonnen &#8230; Neujahr &#8230; frisch geboren erst im Werden entstehend aus ruhenden Sch\u00e4tzen Ver\u00e4nderung &#8230; A. C. Greeley arbeitet weiterhin an einigen Romanprojekten. Die letzten beiden Jahre haben zwangsl\u00e4ufig einiges brachgelegt. Auf ein Neues! Thriller, Liebesromane, Mystery &#8211; es gibt einiges zu tun. Einige Ver\u00f6ffentlichungen: Anthologie: &#8218;Zwischen Bach und Baum&#8216; : [&hellip;]<\/p>\n","protected":false},"author":1,"featured_media":0,"parent":0,"menu_order":0,"comment_status":"open","ping_status":"closed","template":"","meta":[],"_links":{"self":[{"href":"http:\/\/www.aceyw-greeley.eu\/index.php?rest_route=\/wp\/v2\/pages\/122"}],"collection":[{"href":"http:\/\/www.aceyw-greeley.eu\/index.php?rest_route=\/wp\/v2\/pages"}],"about":[{"href":"http:\/\/www.aceyw-greeley.eu\/index.php?rest_route=\/wp\/v2\/types\/page"}],"author":[{"embeddable":true,"href":"http:\/\/www.aceyw-greeley.eu\/index.php?rest_route=\/wp\/v2\/users\/1"}],"replies":[{"embeddable":true,"href":"http:\/\/www.aceyw-greeley.eu\/index.php?rest_route=%2Fwp%2Fv2%2Fcomments&post=122"}],"version-history":[{"count":43,"href":"http:\/\/www.aceyw-greeley.eu\/index.php?rest_route=\/wp\/v2\/pages\/122\/revisions"}],"predecessor-version":[{"id":5925,"href":"http:\/\/www.aceyw-greeley.eu\/index.php?rest_route=\/wp\/v2\/pages\/122\/revisions\/5925"}],"wp:attachment":[{"href":"http:\/\/www.aceyw-greeley.eu\/index.php?rest_route=%2Fwp%2Fv2%2Fmedia&parent=122"}],"curies":[{"name":"wp","href":"https:\/\/api.w.org\/{rel}","templated":true}]}}